{"id":89127,"date":"2021-08-18T16:22:59","date_gmt":"2021-08-18T16:22:59","guid":{"rendered":"https:\/\/capitalcare.es\/serveis\/"},"modified":"2022-06-15T12:28:05","modified_gmt":"2022-06-15T12:28:05","slug":"serveis","status":"publish","type":"page","link":"https:\/\/capitalcare.es\/ca\/serveis\/","title":{"rendered":"Serveis"},"content":{"rendered":"<div class=\"wpb-content-wrapper\"><p>[vc_row row_height_percent=&#8221;100&#8243; back_image=&#8221;88552&#8243; parallax=&#8221;yes&#8221; kburns=&#8221;yes&#8221; overlay_color=&#8221;color-159012&#8243; overlay_alpha=&#8221;35&#8243; gutter_size=&#8221;3&#8243; column_width_percent=&#8221;100&#8243; shift_y=&#8221;0&#8243; z_index=&#8221;0&#8243; uncode_shortcode_id=&#8221;176623&#8243; overlay_color_type=&#8221;uncode-palette&#8221;][vc_column column_width_percent=&#8221;100&#8243; position_vertical=&#8221;middle&#8221; align_horizontal=&#8221;align_center&#8221; gutter_size=&#8221;1&#8243; style=&#8221;dark&#8221; overlay_alpha=&#8221;50&#8243; shift_x=&#8221;0&#8243; shift_y=&#8221;0&#8243; shift_y_down=&#8221;0&#8243; z_index=&#8221;0&#8243; medium_width=&#8221;0&#8243; mobile_width=&#8221;0&#8243; width=&#8221;1\/1&#8243; uncode_shortcode_id=&#8221;166704&#8243;][vc_custom_heading heading_semantic=&#8221;h1&#8243; text_font=&#8221;font-160670&#8243; text_size=&#8221;h3&#8243; text_weight=&#8221;600&#8243; text_height=&#8221;fontheight-357766&#8243; css_animation=&#8221;curtain&#8221; animation_delay=&#8221;800&#8243; mobile_visibility=&#8221;yes&#8221; uncode_shortcode_id=&#8221;110165&#8243;]CAPITALCARE[\/vc_custom_heading][vc_custom_heading heading_semantic=&#8221;h1&#8243; text_size=&#8221;fontsize-445851&#8243; text_weight=&#8221;500&#8243; text_height=&#8221;fontheight-357766&#8243; text_space=&#8221;fontspace-781688&#8243; css_animation=&#8221;curtain&#8221; animation_delay=&#8221;400&#8243; uncode_shortcode_id=&#8221;129630&#8243;]Els nostres serveis[\/vc_custom_heading][vc_custom_heading text_font=&#8221;font-160670&#8243; text_size=&#8221;h3&#8243; text_weight=&#8221;300&#8243; text_height=&#8221;fontheight-357766&#8243; sub_lead=&#8221;yes&#8221; css_animation=&#8221;curtain&#8221; animation_delay=&#8221;800&#8243; mobile_visibility=&#8221;yes&#8221; uncode_shortcode_id=&#8221;173947&#8243;]Descobreix tot el que podem fer per tu[\/vc_custom_heading][vc_empty_space empty_h=&#8221;2&#8243;][vc_icon icon=&#8221;fa fa-arrow-down2&#8243; background_style=&#8221;fa-rounded&#8221; size=&#8221;fa-2x&#8221; icon_automatic=&#8221;yes&#8221; shadow=&#8221;yes&#8221; css_animation=&#8221;alpha-anim&#8221; animation_delay=&#8221;1200&#8243; link=&#8221;url:%23particulares&#8221; uncode_shortcode_id=&#8221;174104&#8243;][\/vc_icon][\/vc_column][\/vc_row][vc_row unlock_row_content=&#8221;yes&#8221; row_height_percent=&#8221;0&#8243; override_padding=&#8221;yes&#8221; h_padding=&#8221;0&#8243; top_padding=&#8221;0&#8243; bottom_padding=&#8221;0&#8243; overlay_alpha=&#8221;50&#8243; equal_height=&#8221;yes&#8221; gutter_size=&#8221;0&#8243; column_width_percent=&#8221;100&#8243; shift_y=&#8221;0&#8243; z_index=&#8221;0&#8243; uncode_shortcode_id=&#8221;947470&#8243; row_name=&#8221;particulares&#8221;][vc_column column_width_percent=&#8221;100&#8243; gutter_size=&#8221;3&#8243; back_image=&#8221;88617&#8243; overlay_alpha=&#8221;50&#8243; shift_x=&#8221;0&#8243; shift_y=&#8221;0&#8243; shift_y_down=&#8221;0&#8243; z_index=&#8221;0&#8243; medium_width=&#8221;0&#8243; mobile_width=&#8221;0&#8243; width=&#8221;1\/2&#8243; mobile_height=&#8221;340&#8243; uncode_shortcode_id=&#8221;408225&#8243;][\/vc_column][vc_column column_width_use_pixel=&#8221;yes&#8221; gutter_size=&#8221;3&#8243; override_padding=&#8221;yes&#8221; column_padding=&#8221;5&#8243; overlay_alpha=&#8221;50&#8243; shift_x=&#8221;0&#8243; shift_y=&#8221;0&#8243; shift_y_down=&#8221;0&#8243; z_index=&#8221;0&#8243; medium_width=&#8221;0&#8243; mobile_width=&#8221;0&#8243; width=&#8221;1\/2&#8243; column_width_pixel=&#8221;528&#8243;][vc_custom_heading text_size=&#8221;fontsize-155944&#8243; text_height=&#8221;fontheight-357766&#8243; uncode_shortcode_id=&#8221;138700&#8243;]<span class=\"heading-text-highlight \" data-atts='{\"bg\":\"style-color-159012-bg\",\"height\":\"20%\",\"offset\":\"0.25em\",\"opacity\":\"0.25\",\"animated\":\"yes\"}'>Particulars<\/span>[\/vc_custom_heading][vc_column_text text_lead=&#8221;yes&#8221; uncode_shortcode_id=&#8221;192858&#8243;]Assessorament financer a particulars amb relaci\u00f3 als seus estalvis i als productes financers en qu\u00e8 estan materialitzats, tenint en compte el seu perfil de risc, les necessitats de liquiditat, la fiscalitat i els seus objectius.<br \/>\n[\/vc_column_text][vc_empty_space empty_h=&#8221;1&#8243;][vc_row_inner][vc_column_inner column_width_percent=&#8221;100&#8243; gutter_size=&#8221;3&#8243; overlay_alpha=&#8221;50&#8243; shift_x=&#8221;0&#8243; shift_y=&#8221;0&#8243; shift_y_down=&#8221;0&#8243; z_index=&#8221;0&#8243; medium_width=&#8221;4&#8243; mobile_width=&#8221;0&#8243; width=&#8221;1\/1&#8243;][uncode_list icon=&#8221;fa fa-check&#8221; icon_color=&#8221;accent&#8221; uncode_shortcode_id=&#8221;988989&#8243; icon_color_type=&#8221;uncode-palette&#8221;]<\/p>\n<ul>\n<li>An\u00e0lisi situaci\u00f3 actual<\/li>\n<li>Objectius i horitz\u00f3 temporal<\/li>\n<li>Disseny estrat\u00e8gia d&#8217;inversi\u00f3<\/li>\n<li>Selecci\u00f3 d&#8217;actius, vehicles financers i productes<\/li>\n<li>Seguiment i control<\/li>\n<\/ul>\n<p>[\/uncode_list][\/vc_column_inner][\/vc_row_inner][\/vc_column][\/vc_row][vc_row unlock_row_content=&#8221;yes&#8221; row_height_percent=&#8221;0&#8243; override_padding=&#8221;yes&#8221; h_padding=&#8221;0&#8243; top_padding=&#8221;0&#8243; bottom_padding=&#8221;0&#8243; overlay_alpha=&#8221;50&#8243; equal_height=&#8221;yes&#8221; gutter_size=&#8221;0&#8243; column_width_percent=&#8221;100&#8243; shift_y=&#8221;0&#8243; z_index=&#8221;0&#8243; uncode_shortcode_id=&#8221;544857&#8243; row_name=&#8221;grupos-familiares&#8221;][vc_column column_width_use_pixel=&#8221;yes&#8221; gutter_size=&#8221;3&#8243; override_padding=&#8221;yes&#8221; column_padding=&#8221;5&#8243; overlay_alpha=&#8221;50&#8243; shift_x=&#8221;0&#8243; shift_y=&#8221;0&#8243; shift_y_down=&#8221;0&#8243; z_index=&#8221;0&#8243; medium_width=&#8221;0&#8243; mobile_width=&#8221;0&#8243; width=&#8221;1\/2&#8243; column_width_pixel=&#8221;528&#8243;][vc_custom_heading text_size=&#8221;fontsize-155944&#8243; text_height=&#8221;fontheight-357766&#8243; uncode_shortcode_id=&#8221;127847&#8243;]<span class=\"heading-text-highlight \" data-atts='{\"bg\":\"style-color-159012-bg\",\"height\":\"20%\",\"offset\":\"0.15em\",\"opacity\":\"0.25\",\"animated\":\"yes\"}'>Grups familiars<\/span>[\/vc_custom_heading][vc_column_text text_lead=&#8221;yes&#8221; uncode_shortcode_id=&#8221;171518&#8243;]Ajudem als grups familiars que necessiten incorporar una gesti\u00f3 professional i independent.<\/p>\n<p>Assessorament integral de patrimonis financers, immobiliaris i empresarials per protegir-los i maximitzar-ne el valor.<br \/>\n[\/vc_column_text][vc_empty_space empty_h=&#8221;1&#8243;][vc_row_inner][vc_column_inner column_width_percent=&#8221;100&#8243; gutter_size=&#8221;3&#8243; overlay_alpha=&#8221;50&#8243; shift_x=&#8221;0&#8243; shift_y=&#8221;0&#8243; shift_y_down=&#8221;0&#8243; z_index=&#8221;0&#8243; medium_width=&#8221;4&#8243; mobile_width=&#8221;0&#8243; width=&#8221;1\/1&#8243;][uncode_list icon=&#8221;fa fa-check&#8221; icon_color=&#8221;accent&#8221; uncode_shortcode_id=&#8221;205454&#8243; icon_color_type=&#8221;uncode-palette&#8221;]<\/p>\n<ul>\n<li>Comit\u00e8 d&#8217;inversions<\/li>\n<li>An\u00e0lisi situaci\u00f3 financera i patrimonial<\/li>\n<li>Objectius i horitz\u00f3 temporal<\/li>\n<li>Disseny estrat\u00e8gia d&#8217;inversi\u00f3<\/li>\n<li>Selecci\u00f3 d&#8217;actius, vehicles financers i productes<\/li>\n<li>Seguiment, control i agregaci\u00f3 de dades<\/li>\n<\/ul>\n<p>[\/uncode_list][\/vc_column_inner][\/vc_row_inner][\/vc_column][vc_column column_width_percent=&#8221;100&#8243; gutter_size=&#8221;3&#8243; back_image=&#8221;88619&#8243; overlay_alpha=&#8221;50&#8243; shift_x=&#8221;0&#8243; shift_y=&#8221;0&#8243; shift_y_down=&#8221;0&#8243; z_index=&#8221;0&#8243; medium_width=&#8221;0&#8243; mobile_width=&#8221;0&#8243; width=&#8221;1\/2&#8243; mobile_height=&#8221;340&#8243; uncode_shortcode_id=&#8221;884442&#8243;][\/vc_column][\/vc_row][vc_row row_height_percent=&#8221;60&#8243; override_padding=&#8221;yes&#8221; h_padding=&#8221;2&#8243; top_padding=&#8221;5&#8243; bottom_padding=&#8221;5&#8243; back_image=&#8221;88086&#8243; back_repeat=&#8221;no-repeat&#8221; back_position=&#8221;center center&#8221; parallax=&#8221;yes&#8221; overlay_color=&#8221;accent&#8221; overlay_alpha=&#8221;90&#8243; gutter_size=&#8221;3&#8243; column_width_percent=&#8221;100&#8243; shift_y=&#8221;0&#8243; z_index=&#8221;0&#8243; desktop_visibility=&#8221;yes&#8221; medium_visibility=&#8221;yes&#8221; mobile_visibility=&#8221;yes&#8221; uncode_shortcode_id=&#8221;144255&#8243; overlay_color_type=&#8221;uncode-palette&#8221;][vc_column column_width_percent=&#8221;100&#8243; position_vertical=&#8221;middle&#8221; align_horizontal=&#8221;align_center&#8221; gutter_size=&#8221;3&#8243; style=&#8221;dark&#8221; overlay_alpha=&#8221;50&#8243; shift_x=&#8221;0&#8243; shift_y=&#8221;0&#8243; shift_y_down=&#8221;0&#8243; z_index=&#8221;0&#8243; medium_width=&#8221;0&#8243; mobile_width=&#8221;0&#8243; width=&#8221;1\/1&#8243; uncode_shortcode_id=&#8221;575866&#8243;][vc_custom_heading heading_semantic=&#8221;h3&#8243; text_size=&#8221;h1&#8243; uncode_shortcode_id=&#8221;356673&#8243; subheading=&#8221;\u2014 Confucio&#8221;]&#8221;Escull una feina que t&#8217;agradi, i mai haur\u00e0s de treballar ni un sol dia de la teva vida&#8221;[\/vc_custom_heading][\/vc_column][\/vc_row][vc_row unlock_row_content=&#8221;yes&#8221; row_height_percent=&#8221;0&#8243; override_padding=&#8221;yes&#8221; h_padding=&#8221;0&#8243; top_padding=&#8221;0&#8243; bottom_padding=&#8221;0&#8243; overlay_alpha=&#8221;50&#8243; equal_height=&#8221;yes&#8221; gutter_size=&#8221;0&#8243; column_width_percent=&#8221;100&#8243; shift_y=&#8221;0&#8243; z_index=&#8221;0&#8243; uncode_shortcode_id=&#8221;182675&#8243; row_name=&#8221;empresas&#8221;][vc_column column_width_percent=&#8221;100&#8243; gutter_size=&#8221;3&#8243; back_image=&#8221;88280&#8243; overlay_alpha=&#8221;50&#8243; shift_x=&#8221;0&#8243; shift_y=&#8221;0&#8243; shift_y_down=&#8221;0&#8243; z_index=&#8221;0&#8243; medium_width=&#8221;0&#8243; mobile_width=&#8221;0&#8243; width=&#8221;1\/2&#8243; mobile_height=&#8221;340&#8243; uncode_shortcode_id=&#8221;173131&#8243;][\/vc_column][vc_column column_width_use_pixel=&#8221;yes&#8221; gutter_size=&#8221;3&#8243; override_padding=&#8221;yes&#8221; column_padding=&#8221;5&#8243; overlay_alpha=&#8221;50&#8243; shift_x=&#8221;0&#8243; shift_y=&#8221;0&#8243; shift_y_down=&#8221;0&#8243; z_index=&#8221;0&#8243; medium_width=&#8221;0&#8243; mobile_width=&#8221;0&#8243; width=&#8221;1\/2&#8243; column_width_pixel=&#8221;528&#8243;][vc_custom_heading text_size=&#8221;fontsize-155944&#8243; text_height=&#8221;fontheight-357766&#8243; uncode_shortcode_id=&#8221;170651&#8243;]<span class=\"heading-text-highlight \" data-atts='{\"bg\":\"style-color-159012-bg\",\"height\":\"20%\",\"offset\":\"0.25em\",\"opacity\":\"0.25\",\"animated\":\"yes\"}'>Empreses<\/span>[\/vc_custom_heading][vc_column_text text_lead=&#8221;yes&#8221; uncode_shortcode_id=&#8221;575562&#8243;]Assessorament a empreses en les seves decisions d&#8217;inversi\u00f3 i financiaci\u00f3.<\/p>\n<p>Tamb\u00e9 participem en processos de reestructuraci\u00f3, disseny i execuci\u00f3 d&#8217;operacions de compra, venda o fusions d&#8217;empreses.<br \/>\n[\/vc_column_text][vc_empty_space empty_h=&#8221;1&#8243;][vc_row_inner][vc_column_inner column_width_percent=&#8221;100&#8243; gutter_size=&#8221;3&#8243; overlay_alpha=&#8221;50&#8243; shift_x=&#8221;0&#8243; shift_y=&#8221;0&#8243; shift_y_down=&#8221;0&#8243; z_index=&#8221;0&#8243; medium_width=&#8221;4&#8243; mobile_width=&#8221;0&#8243; width=&#8221;1\/1&#8243;][uncode_list icon=&#8221;fa fa-check&#8221; icon_color=&#8221;accent&#8221; uncode_shortcode_id=&#8221;483994&#8243; icon_color_type=&#8221;uncode-palette&#8221;]<\/p>\n<ul>\n<li>Cash flow empresa (operatiu empresa i excedent)<\/li>\n<li>Inversions (financeres, immobili\u00e0ries, participades, etc.)<\/li>\n<li>Previsions i objectius<\/li>\n<\/ul>\n<p>[\/uncode_list][\/vc_column_inner][\/vc_row_inner][\/vc_column][\/vc_row][vc_row unlock_row_content=&#8221;yes&#8221; row_height_percent=&#8221;0&#8243; override_padding=&#8221;yes&#8221; h_padding=&#8221;0&#8243; top_padding=&#8221;0&#8243; bottom_padding=&#8221;0&#8243; overlay_alpha=&#8221;50&#8243; equal_height=&#8221;yes&#8221; gutter_size=&#8221;0&#8243; column_width_percent=&#8221;100&#8243; shift_y=&#8221;0&#8243; z_index=&#8221;0&#8243; uncode_shortcode_id=&#8221;432531&#8243; row_name=&#8221;fundaciones-e-instituciones&#8221;][vc_column column_width_use_pixel=&#8221;yes&#8221; gutter_size=&#8221;3&#8243; override_padding=&#8221;yes&#8221; column_padding=&#8221;5&#8243; overlay_alpha=&#8221;50&#8243; shift_x=&#8221;0&#8243; shift_y=&#8221;0&#8243; shift_y_down=&#8221;0&#8243; z_index=&#8221;0&#8243; medium_width=&#8221;0&#8243; mobile_width=&#8221;0&#8243; width=&#8221;1\/2&#8243; column_width_pixel=&#8221;528&#8243;][vc_custom_heading text_size=&#8221;fontsize-155944&#8243; text_height=&#8221;fontheight-179065&#8243; uncode_shortcode_id=&#8221;386247&#8243;]<span class=\"heading-text-highlight \" data-atts='{\"bg\":\"style-color-159012-bg\",\"height\":\"20%\",\"offset\":\"0.12em\",\"opacity\":\"0.25\",\"animated\":\"yes\"}'>Fundacions i Institucions d&#8217;Inversi\u00f3 col\u00b7lectiva<\/span>[\/vc_custom_heading][vc_column_text text_lead=&#8221;yes&#8221; uncode_shortcode_id=&#8221;753136&#8243;]Assessors d&#8217;institucions d&#8217;inversi\u00f3 col\u00b7lectiva (fons i SICAV&#8217;s).<\/p>\n<p>Ajudem a les fundacions en les seves inversions financeres i el cumpliment del codi de conducta per a entitats sense \u00e0nim e lucre.<br \/>\n[\/vc_column_text][vc_empty_space empty_h=&#8221;1&#8243;][vc_row_inner][vc_column_inner column_width_percent=&#8221;100&#8243; gutter_size=&#8221;3&#8243; overlay_alpha=&#8221;50&#8243; shift_x=&#8221;0&#8243; shift_y=&#8221;0&#8243; shift_y_down=&#8221;0&#8243; z_index=&#8221;0&#8243; medium_width=&#8221;4&#8243; mobile_width=&#8221;0&#8243; width=&#8221;1\/1&#8243;][uncode_list icon=&#8221;fa fa-check&#8221; icon_color=&#8221;accent&#8221; uncode_shortcode_id=&#8221;920396&#8243; icon_color_type=&#8221;uncode-palette&#8221;]<\/p>\n<ul>\n<li>Disseny estrat\u00e8gia d&#8217;inversi\u00f3<\/li>\n<li>Comit\u00e8 inversions.<\/li>\n<li>Participaci\u00f3 en patronats.<\/li>\n<li>Selecci\u00f3 d&#8217;actius, vehicles financers i productes<\/li>\n<li>Seguiment i control<\/li>\n<\/ul>\n<p>[\/uncode_list][\/vc_column_inner][\/vc_row_inner][\/vc_column][vc_column column_width_percent=&#8221;100&#8243; gutter_size=&#8221;3&#8243; back_image=&#8221;88338&#8243; overlay_alpha=&#8221;50&#8243; shift_x=&#8221;0&#8243; shift_y=&#8221;0&#8243; shift_y_down=&#8221;0&#8243; z_index=&#8221;0&#8243; medium_width=&#8221;0&#8243; mobile_width=&#8221;0&#8243; width=&#8221;1\/2&#8243; mobile_height=&#8221;340&#8243; uncode_shortcode_id=&#8221;300469&#8243;][\/vc_column][\/vc_row][vc_row row_height_percent=&#8221;0&#8243; override_padding=&#8221;yes&#8221; h_padding=&#8221;2&#8243; top_padding=&#8221;7&#8243; bottom_padding=&#8221;7&#8243; back_color=&#8221;color-lxmt&#8221; overlay_alpha=&#8221;50&#8243; gutter_size=&#8221;3&#8243; column_width_percent=&#8221;100&#8243; shift_y=&#8221;0&#8243; z_index=&#8221;0&#8243; top_divider=&#8221;step_1_2&#8243; bottom_divider=&#8221;step_1_2&#8243; row_name=&#8221;servicios&#8221; uncode_shortcode_id=&#8221;742223&#8243; back_color_type=&#8221;uncode-palette&#8221;][vc_column column_width_percent=&#8221;100&#8243; gutter_size=&#8221;2&#8243; override_padding=&#8221;yes&#8221; column_padding=&#8221;0&#8243; overlay_alpha=&#8221;50&#8243; shift_x=&#8221;0&#8243; shift_y=&#8221;0&#8243; shift_y_down=&#8221;0&#8243; z_index=&#8221;0&#8243; medium_width=&#8221;0&#8243; mobile_width=&#8221;0&#8243; radius=&#8221;sm&#8221; width=&#8221;1\/2&#8243; uncode_shortcode_id=&#8221;840988&#8243;][vc_custom_heading heading_semantic=&#8221;h3&#8243; text_size=&#8221;fontsize-155944&#8243; text_height=&#8221;fontheight-357766&#8243; text_space=&#8221;fontspace-781688&#8243; sub_lead=&#8221;yes&#8221; sub_reduced=&#8221;yes&#8221; css_animation=&#8221;curtain&#8221; animation_delay=&#8221;200&#8243; uncode_shortcode_id=&#8221;179710&#8243;]<span class=\"heading-text-highlight \" data-atts='{\"bg\":\"style-color-159012-bg\",\"height\":\"20%\",\"offset\":\"0.25em\",\"opacity\":\"0.25\",\"animated\":\"yes\"}'>Exemples on et podem ajudar<\/span>[\/vc_custom_heading][\/vc_column][vc_column width=&#8221;1\/2&#8243;][uncode_list larger=&#8221;yes&#8221; icon=&#8221;fa fa-check&#8221; icon_color=&#8221;accent&#8221; uncode_shortcode_id=&#8221;962118&#8243; icon_color_type=&#8221;uncode-palette&#8221;]<\/p>\n<ul>\n<li>Her\u00e8ncies.<\/li>\n<li>Canvi generacional grup familiar<\/li>\n<li>Segona opini\u00f3 en inversions<\/li>\n<li>Creaci\u00f3 del comit\u00e8 d&#8217;inversions.<\/li>\n<li>Jubilats<\/li>\n<li>Directius<\/li>\n<li>Planificaci\u00f3 financera<\/li>\n<li>Venda empresa<\/li>\n<\/ul>\n<p>[\/uncode_list][\/vc_column][\/vc_row]<\/p>\n<\/div>","protected":false},"excerpt":{"rendered":"<p>[vc_row row_height_percent=&#8221;100&#8243; back_image=&#8221;88552&#8243; parallax=&#8221;yes&#8221; kburns=&#8221;yes&#8221; overlay_color=&#8221;color-159012&#8243; overlay_alpha=&#8221;35&#8243; gutter_size=&#8221;3&#8243; column_width_percent=&#8221;100&#8243; shift_y=&#8221;0&#8243; z_index=&#8221;0&#8243; uncode_shortcode_id=&#8221;176623&#8243; overlay_color_type=&#8221;uncode-palette&#8221;][vc_column column_width_percent=&#8221;100&#8243; position_vertical=&#8221;middle&#8221; align_horizontal=&#8221;align_center&#8221; gutter_size=&#8221;1&#8243; style=&#8221;dark&#8221; overlay_alpha=&#8221;50&#8243; shift_x=&#8221;0&#8243; [&hellip;]<\/p>\n","protected":false},"author":1,"featured_media":0,"parent":0,"menu_order":0,"comment_status":"closed","ping_status":"closed","template":"","meta":{"footnotes":""},"class_list":["post-89127","page","type-page","status-publish","hentry"],"_links":{"self":[{"href":"https:\/\/capitalcare.es\/ca\/wp-json\/wp\/v2\/pages\/89127","targetHints":{"allow":["GET"]}}],"collection":[{"href":"https:\/\/capitalcare.es\/ca\/wp-json\/wp\/v2\/pages"}],"about":[{"href":"https:\/\/capitalcare.es\/ca\/wp-json\/wp\/v2\/types\/page"}],"author":[{"embeddable":true,"href":"https:\/\/capitalcare.es\/ca\/wp-json\/wp\/v2\/users\/1"}],"replies":[{"embeddable":true,"href":"https:\/\/capitalcare.es\/ca\/wp-json\/wp\/v2\/comments?post=89127"}],"version-history":[{"count":7,"href":"https:\/\/capitalcare.es\/ca\/wp-json\/wp\/v2\/pages\/89127\/revisions"}],"predecessor-version":[{"id":89145,"href":"https:\/\/capitalcare.es\/ca\/wp-json\/wp\/v2\/pages\/89127\/revisions\/89145"}],"wp:attachment":[{"href":"https:\/\/capitalcare.es\/ca\/wp-json\/wp\/v2\/media?parent=89127"}],"curies":[{"name":"wp","href":"https:\/\/api.w.org\/{rel}","templated":true}]}}